{"id":597,"date":"2022-02-23T22:55:18","date_gmt":"2022-02-23T21:55:18","guid":{"rendered":"https:\/\/saphirdanse.fr\/?page_id=597"},"modified":"2025-07-24T19:10:57","modified_gmt":"2025-07-24T17:10:57","slug":"spectacles-cie","status":"publish","type":"page","link":"https:\/\/saphirdanse.fr\/?page_id=597","title":{"rendered":"Spectacles"},"content":{"rendered":"<p>[et_pb_section fb_built=\u00a0\u00bb1&Prime; _builder_version=\u00a0\u00bb4.11.3&Prime; _module_preset=\u00a0\u00bbdefault\u00a0\u00bb background_image=\u00a0\u00bbhttps:\/\/saphirdanse.fr\/wp-content\/uploads\/2022\/02\/istockphoto-172304523-612&#215;612-1.jpg\u00a0\u00bb min_height=\u00a0\u00bb160.2px\u00a0\u00bb custom_margin=\u00a0\u00bb||-136px|||\u00a0\u00bb custom_padding=\u00a0\u00bb||197px|||\u00a0\u00bb global_colors_info=\u00a0\u00bb{}\u00a0\u00bb][et_pb_row _builder_version=\u00a0\u00bb4.10.6&Prime; _module_preset=\u00a0\u00bbdefault\u00a0\u00bb global_colors_info=\u00a0\u00bb{}\u00a0\u00bb][et_pb_column type=\u00a0\u00bb4_4&Prime; _builder_version=\u00a0\u00bb4.10.6&Prime; _module_preset=\u00a0\u00bbdefault\u00a0\u00bb global_colors_info=\u00a0\u00bb{}\u00a0\u00bb][et_pb_text _builder_version=\u00a0\u00bb4.11.3&Prime; _module_preset=\u00a0\u00bbdefault\u00a0\u00bb text_font=\u00a0\u00bbDM Serif Display||||||||\u00a0\u00bb text_text_color=\u00a0\u00bb#FFFFFF\u00a0\u00bb text_font_size=\u00a0\u00bb50px\u00a0\u00bb global_colors_info=\u00a0\u00bb{}\u00a0\u00bb]<\/p>\n<p style=\"text-align: center;\">SPECTACLES<\/p>\n<p style=\"text-align: center;\"><span style=\"font-size: xx-large;\">SAPHIR DANSE<\/span><\/p>\n<p>&nbsp;<\/p>\n<p>&nbsp;<\/p>\n<p>[\/et_pb_text][\/et_pb_column][\/et_pb_row][\/et_pb_section][et_pb_section fb_built=\u00a0\u00bb1&Prime; _builder_version=\u00a0\u00bb4.10.6&Prime; _module_preset=\u00a0\u00bbdefault\u00a0\u00bb custom_margin=\u00a0\u00bb-317px|||||\u00a0\u00bb global_colors_info=\u00a0\u00bb{}\u00a0\u00bb][et_pb_row _builder_version=\u00a0\u00bb4.10.6&Prime; _module_preset=\u00a0\u00bbdefault\u00a0\u00bb global_colors_info=\u00a0\u00bb{}\u00a0\u00bb][et_pb_column type=\u00a0\u00bb4_4&Prime; _builder_version=\u00a0\u00bb4.10.6&Prime; _module_preset=\u00a0\u00bbdefault\u00a0\u00bb global_colors_info=\u00a0\u00bb{}\u00a0\u00bb][et_pb_text _builder_version=\u00a0\u00bb4.11.3&Prime; _module_preset=\u00a0\u00bbdefault\u00a0\u00bb text_font=\u00a0\u00bbYeseva One||||||||\u00a0\u00bb text_font_size=\u00a0\u00bb25px\u00a0\u00bb text_orientation=\u00a0\u00bbcenter\u00a0\u00bb global_colors_info=\u00a0\u00bb{}\u00a0\u00bb]<\/p>\n<p>\u00a0La compagnie Saphir Danse est une troupe de cabaret musical inclusive et itin\u00e9rante, bas\u00e9e en r\u00e9gion PACA.<\/p>\n<p class=\"font_7\" style=\"text-align: center; font-size: 20px;\">Nous c\u00e9l\u00e9brons la diversit\u00e9 en valorisant tous les corps et toutes les personnalit\u00e9s sur sc\u00e8ne.<\/p>\n<p class=\"font_7\" style=\"text-align: center; font-size: 20px;\">Notre \u00e9quipe d&rsquo;artistes passionn\u00e9s imagine des spectacles sur-mesure, de 2 \u00e0 15 artistes, pens\u00e9s sp\u00e9cialement pour tous vos \u00e9v\u00e8nements : mariages, comit\u00e9 d&rsquo;entreprise, anniversaires, soir\u00e9e priv\u00e9es ou publique, diners-spectacles, clubs, cocktails &#8230;<\/p>\n<p class=\"font_7\" style=\"text-align: center; font-size: 20px;\">Avec des cr\u00e9ations originales, des th\u00e8mes vari\u00e9s et une \u00e9nergie vibrante, nous vous promettons des shows \u00e9l\u00e9gants, festifs et inoubliables<\/p>\n<p class=\"font_7\" style=\"text-align: center; font-size: 20px;\"><span style=\"color: #3d3d3d; font-family: poppins-extralight,poppins,sans-serif;\"><span class=\"wixGuard\">\u200b<\/span><\/span><\/p>\n<p class=\"font_7\" style=\"text-align: center; font-size: 20px;\">\n<p>[\/et_pb_text][\/et_pb_column][\/et_pb_row][et_pb_row column_structure=\u00a0\u00bb1_3,1_3,1_3&Prime; _builder_version=\u00a0\u00bb4.11.3&Prime; _module_preset=\u00a0\u00bbdefault\u00a0\u00bb global_colors_info=\u00a0\u00bb{}\u00a0\u00bb][et_pb_column type=\u00a0\u00bb1_3&Prime; _builder_version=\u00a0\u00bb4.11.3&Prime; _module_preset=\u00a0\u00bbdefault\u00a0\u00bb global_colors_info=\u00a0\u00bb{}\u00a0\u00bb][et_pb_image src=\u00a0\u00bbhttps:\/\/saphirdanse.fr\/wp-content\/uploads\/2025\/07\/WhatsApp-Image-2025-06-29-a-11.49.06_2ef43a0f.jpg\u00a0\u00bb title_text=\u00a0\u00bbWhatsApp Image 2025-06-29 \u00e0 11.49.06_2ef43a0f\u00a0\u00bb _builder_version=\u00a0\u00bb4.11.3&Prime; _module_preset=\u00a0\u00bbdefault\u00a0\u00bb global_colors_info=\u00a0\u00bb{}\u00a0\u00bb][\/et_pb_image][et_pb_text _builder_version=\u00a0\u00bb4.11.3&Prime; _module_preset=\u00a0\u00bbdefault\u00a0\u00bb text_font=\u00a0\u00bbABeeZee||||||||\u00a0\u00bb header_font=\u00a0\u00bbABeeZee||||||||\u00a0\u00bb header_2_font=\u00a0\u00bbABeeZee||||||||\u00a0\u00bb text_orientation=\u00a0\u00bbcenter\u00a0\u00bb global_colors_info=\u00a0\u00bb{}\u00a0\u00bb]<\/p>\n<h2 style=\"text-align: center;\">Revue Cabaret<\/h2>\n<p>[\/et_pb_text][\/et_pb_column][et_pb_column type=\u00a0\u00bb1_3&Prime; _builder_version=\u00a0\u00bb4.11.3&Prime; _module_preset=\u00a0\u00bbdefault\u00a0\u00bb global_colors_info=\u00a0\u00bb{}\u00a0\u00bb][et_pb_image src=\u00a0\u00bbhttps:\/\/saphirdanse.fr\/wp-content\/uploads\/2025\/07\/WhatsApp-Image-2025-06-29-a-11.49.07_a6ae0ad0.jpg\u00a0\u00bb title_text=\u00a0\u00bbWhatsApp Image 2025-06-29 \u00e0 11.49.07_a6ae0ad0&Prime; _builder_version=\u00a0\u00bb4.11.3&Prime; _module_preset=\u00a0\u00bbdefault\u00a0\u00bb global_colors_info=\u00a0\u00bb{}\u00a0\u00bb][\/et_pb_image][et_pb_text _builder_version=\u00a0\u00bb4.11.3&Prime; _module_preset=\u00a0\u00bbdefault\u00a0\u00bb global_colors_info=\u00a0\u00bb{}\u00a0\u00bb]<\/p>\n<h2 style=\"text-align: center;\">Parades<\/h2>\n<p>[\/et_pb_text][\/et_pb_column][et_pb_column type=\u00a0\u00bb1_3&Prime; _builder_version=\u00a0\u00bb4.11.3&Prime; _module_preset=\u00a0\u00bbdefault\u00a0\u00bb global_colors_info=\u00a0\u00bb{}\u00a0\u00bb][et_pb_image src=\u00a0\u00bbhttps:\/\/saphirdanse.fr\/wp-content\/uploads\/2025\/07\/WhatsApp-Image-2025-06-29-a-11.48.46_7241fe4d.jpg\u00a0\u00bb title_text=\u00a0\u00bbWhatsApp Image 2025-06-29 \u00e0 11.48.46_7241fe4d\u00a0\u00bb _builder_version=\u00a0\u00bb4.11.3&Prime; _module_preset=\u00a0\u00bbdefault\u00a0\u00bb global_colors_info=\u00a0\u00bb{}\u00a0\u00bb][\/et_pb_image][et_pb_text _builder_version=\u00a0\u00bb4.11.3&Prime; _module_preset=\u00a0\u00bbdefault\u00a0\u00bb text_font=\u00a0\u00bbABeeZee||||||||\u00a0\u00bb hover_enabled=\u00a0\u00bb0&Prime; global_colors_info=\u00a0\u00bb{}\u00a0\u00bb sticky_enabled=\u00a0\u00bb0&Prime;]<\/p>\n<h2 style=\"text-align: center;\">Minis Spectacles<\/h2>\n<p>[\/et_pb_text][\/et_pb_column][\/et_pb_row][et_pb_row column_structure=\u00a0\u00bb1_3,1_3,1_3&Prime; _builder_version=\u00a0\u00bb4.11.3&Prime; _module_preset=\u00a0\u00bbdefault\u00a0\u00bb global_colors_info=\u00a0\u00bb{}\u00a0\u00bb][et_pb_column type=\u00a0\u00bb1_3&Prime; _builder_version=\u00a0\u00bb4.11.3&Prime; _module_preset=\u00a0\u00bbdefault\u00a0\u00bb global_colors_info=\u00a0\u00bb{}\u00a0\u00bb][et_pb_button button_url=\u00a0\u00bb@ET-DC@eyJkeW5hbWljIjp0cnVlLCJjb250ZW50IjoicG9zdF9saW5rX3VybF9wYWdlIiwic2V0dGluZ3MiOnsicG9zdF9pZCI6IjExNCJ9fQ==@\u00a0\u00bb button_text=\u00a0\u00bbVoir nos teasers\u00a0\u00bb button_alignment=\u00a0\u00bbcenter\u00a0\u00bb _builder_version=\u00a0\u00bb4.11.3&Prime; _dynamic_attributes=\u00a0\u00bbbutton_url\u00a0\u00bb _module_preset=\u00a0\u00bbdefault\u00a0\u00bb custom_button=\u00a0\u00bbon\u00a0\u00bb button_text_size=\u00a0\u00bb28px\u00a0\u00bb button_text_color=\u00a0\u00bb#000064&Prime; button_bg_use_color_gradient=\u00a0\u00bbon\u00a0\u00bb button_bg_color_gradient_start=\u00a0\u00bbrgba(29,24,127,0.49)\u00a0\u00bb button_bg_color_gradient_end=\u00a0\u00bb#ffffff\u00a0\u00bb button_use_icon=\u00a0\u00bboff\u00a0\u00bb box_shadow_style=\u00a0\u00bbpreset1&Prime; global_colors_info=\u00a0\u00bb{}\u00a0\u00bb][\/et_pb_button][\/et_pb_column][et_pb_column type=\u00a0\u00bb1_3&Prime; _builder_version=\u00a0\u00bb4.11.3&Prime; _module_preset=\u00a0\u00bbdefault\u00a0\u00bb global_colors_info=\u00a0\u00bb{}\u00a0\u00bb][\/et_pb_column][et_pb_column type=\u00a0\u00bb1_3&Prime; _builder_version=\u00a0\u00bb4.11.3&Prime; _module_preset=\u00a0\u00bbdefault\u00a0\u00bb global_colors_info=\u00a0\u00bb{}\u00a0\u00bb][et_pb_button button_url=\u00a0\u00bb@ET-DC@eyJkeW5hbWljIjp0cnVlLCJjb250ZW50IjoicG9zdF9saW5rX3VybF9wYWdlIiwic2V0dGluZ3MiOnsicG9zdF9pZCI6Ijc0In19@\u00a0\u00bb button_text=\u00a0\u00bbDemandez un devis spectacle\u00a0\u00bb button_alignment=\u00a0\u00bbcenter\u00a0\u00bb _builder_version=\u00a0\u00bb4.11.3&Prime; _dynamic_attributes=\u00a0\u00bbbutton_url\u00a0\u00bb _module_preset=\u00a0\u00bbdefault\u00a0\u00bb custom_button=\u00a0\u00bbon\u00a0\u00bb button_text_size=\u00a0\u00bb22px\u00a0\u00bb button_text_color=\u00a0\u00bb#08033f\u00a0\u00bb button_bg_color=\u00a0\u00bbRGBA(0,0,0,0)\u00a0\u00bb button_bg_use_color_gradient=\u00a0\u00bbon\u00a0\u00bb button_bg_color_gradient_start=\u00a0\u00bb#3a487f\u00a0\u00bb button_bg_color_gradient_end=\u00a0\u00bb#ffffff\u00a0\u00bb button_bg_color_gradient_direction=\u00a0\u00bb195deg\u00a0\u00bb button_bg_color_gradient_end_position=\u00a0\u00bb90%\u00a0\u00bb box_shadow_style=\u00a0\u00bbpreset1&Prime; box_shadow_color=\u00a0\u00bbrgba(69,81,147,0.9)\u00a0\u00bb global_colors_info=\u00a0\u00bb{}\u00a0\u00bb][\/et_pb_button][\/et_pb_column][\/et_pb_row][\/et_pb_section]<\/p>\n","protected":false},"excerpt":{"rendered":"<p>SPECTACLES SAPHIR DANSE &nbsp; &nbsp;\u00a0La compagnie Saphir Danse est une troupe de cabaret musical inclusive et itin\u00e9rante, bas\u00e9e en r\u00e9gion PACA. Nous c\u00e9l\u00e9brons la diversit\u00e9 en valorisant tous les corps et toutes les personnalit\u00e9s sur sc\u00e8ne. Notre \u00e9quipe d&rsquo;artistes passionn\u00e9s imagine des spectacles sur-mesure, de 2 \u00e0 15 artistes, pens\u00e9s sp\u00e9cialement pour tous vos \u00e9v\u00e8nements [&hellip;]<\/p>\n","protected":false},"author":1,"featured_media":0,"parent":0,"menu_order":0,"comment_status":"closed","ping_status":"closed","template":"","meta":{"_et_pb_use_builder":"on","_et_pb_old_content":"","_et_gb_content_width":"","footnotes":""},"class_list":["post-597","page","type-page","status-publish","hentry"],"_links":{"self":[{"href":"https:\/\/saphirdanse.fr\/index.php?rest_route=\/wp\/v2\/pages\/597","targetHints":{"allow":["GET"]}}],"collection":[{"href":"https:\/\/saphirdanse.fr\/index.php?rest_route=\/wp\/v2\/pages"}],"about":[{"href":"https:\/\/saphirdanse.fr\/index.php?rest_route=\/wp\/v2\/types\/page"}],"author":[{"embeddable":true,"href":"https:\/\/saphirdanse.fr\/index.php?rest_route=\/wp\/v2\/users\/1"}],"replies":[{"embeddable":true,"href":"https:\/\/saphirdanse.fr\/index.php?rest_route=%2Fwp%2Fv2%2Fcomments&post=597"}],"version-history":[{"count":15,"href":"https:\/\/saphirdanse.fr\/index.php?rest_route=\/wp\/v2\/pages\/597\/revisions"}],"predecessor-version":[{"id":1279,"href":"https:\/\/saphirdanse.fr\/index.php?rest_route=\/wp\/v2\/pages\/597\/revisions\/1279"}],"wp:attachment":[{"href":"https:\/\/saphirdanse.fr\/index.php?rest_route=%2Fwp%2Fv2%2Fmedia&parent=597"}],"curies":[{"name":"wp","href":"https:\/\/api.w.org\/{rel}","templated":true}]}}